{"id":763,"date":"2024-05-21T19:41:08","date_gmt":"2024-05-21T19:41:08","guid":{"rendered":"https:\/\/consultoriatarget.com.br\/?page_id=763"},"modified":"2024-08-01T04:26:47","modified_gmt":"2024-08-01T04:26:47","slug":"solucoes","status":"publish","type":"page","link":"https:\/\/consultoriatarget.com.br\/index.php\/solucoes\/","title":{"rendered":"Solu\u00e7\u00f5es"},"content":{"rendered":"\t\t<div data-elementor-type=\"wp-page\" data-elementor-id=\"763\" class=\"elementor elementor-763\">\n\t\t\t\t\t\t<section class=\"elementor-section elementor-top-section elementor-element elementor-element-5b20990 elementor-section-boxed elementor-section-height-default elementor-section-height-default\" data-id=\"5b20990\" data-element_type=\"section\" data-settings=\"{&quot;jet_parallax_layout_list&quot;:[]}\">\n\t\t\t\t\t\t<div class=\"elementor-container elementor-column-gap-default\">\n\t\t\t\t\t<div class=\"elementor-column elementor-col-100 elementor-top-column elementor-element elementor-element-500250d\" data-id=\"500250d\" data-element_type=\"column\">\n\t\t\t<div class=\"elementor-widget-wrap elementor-element-populated\">\n\t\t\t\t\t\t<div class=\"elementor-element elementor-element-11ed483 elementor-widget elementor-widget-heading\" data-id=\"11ed483\" data-element_type=\"widget\" data-widget_type=\"heading.default\">\n\t\t\t\t<div class=\"elementor-widget-container\">\n\t\t\t\t\t<h2 class=\"elementor-heading-title elementor-size-default\">SOLU\u00c7\u00d5ES<\/h2>\t\t\t\t<\/div>\n\t\t\t\t<\/div>\n\t\t\t\t<div class=\"elementor-element elementor-element-dedfe53 elementor-widget elementor-widget-jet-headline\" data-id=\"dedfe53\" data-element_type=\"widget\" data-widget_type=\"jet-headline.default\">\n\t\t\t\t<div class=\"elementor-widget-container\">\n\t\t\t\t\t<h2 class=\"jet-headline jet-headline--direction-horizontal\"><span class=\"jet-headline__part jet-headline__first\"><span class=\"jet-headline__label\">Constru\u00edmos resultado por meio de:<\/span><\/span><span class=\"jet-headline__space\">&nbsp;<\/span><\/h2>\t\t\t\t<\/div>\n\t\t\t\t<\/div>\n\t\t\t\t\t<\/div>\n\t\t<\/div>\n\t\t\t\t\t<\/div>\n\t\t<\/section>\n\t\t\t\t<section class=\"elementor-section elementor-top-section elementor-element elementor-element-e97be09 elementor-section-height-min-height elementor-section-boxed elementor-section-height-default elementor-section-items-middle\" data-id=\"e97be09\" data-element_type=\"section\" data-settings=\"{&quot;jet_parallax_layout_list&quot;:[],&quot;background_background&quot;:&quot;classic&quot;}\">\n\t\t\t\t\t\t<div class=\"elementor-container elementor-column-gap-default\">\n\t\t\t\t\t<div class=\"elementor-column elementor-col-100 elementor-top-column elementor-element elementor-element-4ac3511\" data-id=\"4ac3511\" data-element_type=\"column\">\n\t\t\t<div class=\"elementor-widget-wrap elementor-element-populated\">\n\t\t\t\t\t\t<div class=\"elementor-element elementor-element-dffae38 elementor-widget elementor-widget-jet-carousel\" data-id=\"dffae38\" data-element_type=\"widget\" data-settings=\"{&quot;slides_to_show&quot;:&quot;3&quot;,&quot;slides_to_show_mobile&quot;:&quot;1&quot;,&quot;slides_to_scroll&quot;:&quot;1&quot;}\" data-widget_type=\"jet-carousel.default\">\n\t\t\t\t<div class=\"elementor-widget-container\">\n\t\t\t\t\t<div class=\"elementor-jet-carousel jet-elements\"><div class=\"jet-carousel-wrap jet-equal-cols\">\n\t<div class=\"jet-carousel\" data-slider_options=\"{&quot;autoplaySpeed&quot;:5000,&quot;autoplay&quot;:true,&quot;infinite&quot;:true,&quot;centerMode&quot;:false,&quot;centerPadding&quot;:&quot;50px&quot;,&quot;pauseOnHover&quot;:true,&quot;speed&quot;:500,&quot;arrows&quot;:true,&quot;dots&quot;:true,&quot;variableWidth&quot;:false,&quot;prevArrow&quot;:&quot;.jet-carousel__prev-arrow-dffae38&quot;,&quot;nextArrow&quot;:&quot;.jet-carousel__next-arrow-dffae38&quot;,&quot;rtl&quot;:false,&quot;fractionNav&quot;:false}\" dir=\"ltr\">\n\t<div class=\"elementor-slick-slider\">\n\n<div class=\"jet-carousel__item\">\n\t<div class=\"jet-carousel__item-inner\"><a href=\"#\" class=\"jet-carousel__item-link\" ><img decoding=\"async\" src=\"https:\/\/consultoriatarget.com.br\/wp-content\/uploads\/2024\/07\/Artboard-59.jpg\" class=\"jet-carousel__item-img\" alt=\"Artboard 59\" loading=\"lazy\"><\/a><div class=\"jet-carousel__content\"><h4 class=\"jet-carousel__item-title\">Aconselhamento, Assessments (MBTI, Facet5, Style Matters), Coaching e Mentoria<\/h4><div class=\"jet-carousel__item-text\"><p>Por meio de asser\u00e7\u00f5es como MBTI, Facet5 e Style Matters, conduzimos sess\u00f5es de Coaching e Mentoria para potencializar o desempenho individual e coletivo.<\/p><\/div><\/div><\/div>\n<\/div>\n\n<div class=\"jet-carousel__item\">\n\t<div class=\"jet-carousel__item-inner\"><a href=\"#\" class=\"jet-carousel__item-link\" ><img decoding=\"async\" src=\"https:\/\/consultoriatarget.com.br\/wp-content\/uploads\/2024\/05\/Artboard-45.png\" class=\"jet-carousel__item-img\" alt=\"Artboard 45\" loading=\"lazy\"><\/a><div class=\"jet-carousel__content\"><h4 class=\"jet-carousel__item-title\">An\u00e1lise e Modelagem de Processos:<\/h4><div class=\"jet-carousel__item-text\"><p><span style=\"font-weight: 400;\">Identificamos oportunidades de melhoria nos processos internos nas \u00e1reas de RH, Governan\u00e7a e Compliance, com foco em aumento de efici\u00eancia e redu\u00e7\u00e3o de custos.<\/span><\/p><\/div><\/div><\/div>\n<\/div>\n\n<div class=\"jet-carousel__item\">\n\t<div class=\"jet-carousel__item-inner\"><a href=\"#\" class=\"jet-carousel__item-link\" ><img decoding=\"async\" src=\"https:\/\/consultoriatarget.com.br\/wp-content\/uploads\/2024\/05\/Artboard-47.png\" class=\"jet-carousel__item-img\" alt=\"Artboard 47\" loading=\"lazy\"><\/a><div class=\"jet-carousel__content\"><h4 class=\"jet-carousel__item-title\">Desenvolvimento de Lideran\u00e7a e Gest\u00e3o de Talentos:<\/h4><div class=\"jet-carousel__item-text\"><p><span style=\"font-weight: 400;\">Constru\u00edmos trilhas de desenvolvimento customizadas (coletivo e individual) para desenvolver habilidades de lideran\u00e7a e equipe em todos os n\u00edveis da organiza\u00e7\u00e3o.<\/span><\/p><\/div><\/div><\/div>\n<\/div>\n\n<div class=\"jet-carousel__item\">\n\t<div class=\"jet-carousel__item-inner\"><a href=\"#\" class=\"jet-carousel__item-link\" ><img decoding=\"async\" src=\"https:\/\/consultoriatarget.com.br\/wp-content\/uploads\/2024\/05\/Artboard-46.png\" class=\"jet-carousel__item-img\" alt=\"Artboard 46\" loading=\"lazy\"><\/a><div class=\"jet-carousel__content\"><h4 class=\"jet-carousel__item-title\">Estrat\u00e9gia Organizacional:<\/h4><div class=\"jet-carousel__item-text\"><p><span style=\"font-weight: 400;\">Desenvolvemos e implementamos planos estrat\u00e9gicos alinhados aos objetivos de longo prazo da empresa. Realizamos Mapeamento de L\u00edderes e Processo Sucess\u00f3rio Empresarial.<\/span><\/p><\/div><\/div><\/div>\n<\/div>\n\n<div class=\"jet-carousel__item\">\n\t<div class=\"jet-carousel__item-inner\"><a href=\"#\" class=\"jet-carousel__item-link\" ><img decoding=\"async\" src=\"https:\/\/consultoriatarget.com.br\/wp-content\/uploads\/2024\/05\/Artboard-48.png\" class=\"jet-carousel__item-img\" alt=\"Artboard 48\" loading=\"lazy\"><\/a><div class=\"jet-carousel__content\"><h4 class=\"jet-carousel__item-title\">Gest\u00e3o da Cultura Organizacional:<\/h4><div class=\"jet-carousel__item-text\"><p><span style=\"font-weight: 400;\">Diagn\u00f3sticos e Desenvolvimento da cultura da empresa para garantir que ela apoie os objetivos estrat\u00e9gicos e promova um ambiente de trabalho saud\u00e1vel.<\/span><\/p><\/div><\/div><\/div>\n<\/div>\n\n<div class=\"jet-carousel__item\">\n\t<div class=\"jet-carousel__item-inner\"><a href=\"#\" class=\"jet-carousel__item-link\" ><img decoding=\"async\" src=\"https:\/\/consultoriatarget.com.br\/wp-content\/uploads\/2024\/07\/Artboard-58.jpg\" class=\"jet-carousel__item-img\" alt=\"Artboard 58\" loading=\"lazy\"><\/a><div class=\"jet-carousel__content\"><h4 class=\"jet-carousel__item-title\">Palestras<\/h4><div class=\"jet-carousel__item-text\"><p>Conduzimos palestras motivacionais e informativas com especialistas de ampla experi\u00eancia para impulsionar equipes.<\/p><\/div><\/div><\/div>\n<\/div>\n\n<div class=\"jet-carousel__item\">\n\t<div class=\"jet-carousel__item-inner\"><a href=\"#\" class=\"jet-carousel__item-link\" ><img decoding=\"async\" src=\"https:\/\/consultoriatarget.com.br\/wp-content\/uploads\/2024\/07\/Artboard-61.jpg\" class=\"jet-carousel__item-img\" alt=\"Artboard 61\" loading=\"lazy\"><\/a><div class=\"jet-carousel__content\"><h4 class=\"jet-carousel__item-title\">Team Building<\/h4><div class=\"jet-carousel__item-text\"><p>Facilitamos atividades de team building que desenvolvem a colabora\u00e7\u00e3o e a comunica\u00e7\u00e3o entre os membros da equipe, com foco em resolver problemas reais e fortalecer relacionamentos.<\/p><\/div><\/div><\/div>\n<\/div>\n\n<div class=\"jet-carousel__item\">\n\t<div class=\"jet-carousel__item-inner\"><a href=\"#\" class=\"jet-carousel__item-link\" ><img decoding=\"async\" src=\"https:\/\/consultoriatarget.com.br\/wp-content\/uploads\/2024\/07\/Artboard-60.jpg\" class=\"jet-carousel__item-img\" alt=\"Artboard 60\" loading=\"lazy\"><\/a><div class=\"jet-carousel__content\"><h4 class=\"jet-carousel__item-title\">Workshops<\/h4><div class=\"jet-carousel__item-text\"><p>Ministramos workshops pr\u00e1ticos e orientados para resultados, projetados para desenvolver compet\u00eancias espec\u00edficas e aplic\u00e1veis imediatamente no ambiente de trabalho.<\/p><\/div><\/div><\/div>\n<\/div>\n<\/div><div class=\"jet-carousel__prev-arrow-dffae38 jet-arrow prev-arrow\"><i aria-hidden=\"true\" class=\"fas fa-angle-left\"><\/i><\/div><div class=\"jet-carousel__next-arrow-dffae38 jet-arrow next-arrow\"><i aria-hidden=\"true\" class=\"fas fa-angle-right\"><\/i><\/div><\/div>\n<\/div>\n<\/div>\t\t\t\t<\/div>\n\t\t\t\t<\/div>\n\t\t\t\t\t<\/div>\n\t\t<\/div>\n\t\t\t\t\t<\/div>\n\t\t<\/section>\n\t\t\t\t<section class=\"elementor-section elementor-top-section elementor-element elementor-element-7408ceb elementor-section-full_width elementor-section-height-default elementor-section-height-default\" data-id=\"7408ceb\" data-element_type=\"section\" data-settings=\"{&quot;jet_parallax_layout_list&quot;:[],&quot;background_background&quot;:&quot;video&quot;}\">\n\t\t\t\t\t\t<div class=\"elementor-container elementor-column-gap-default\">\n\t\t\t\t\t<div class=\"elementor-column elementor-col-100 elementor-top-column elementor-element elementor-element-45d9190\" data-id=\"45d9190\" data-element_type=\"column\">\n\t\t\t<div class=\"elementor-widget-wrap elementor-element-populated\">\n\t\t\t\t\t\t<div class=\"elementor-element elementor-element-d02499d elementor-widget elementor-widget-video\" data-id=\"d02499d\" data-element_type=\"widget\" data-settings=\"{&quot;video_type&quot;:&quot;hosted&quot;,&quot;autoplay&quot;:&quot;yes&quot;,&quot;mute&quot;:&quot;yes&quot;,&quot;controls&quot;:&quot;yes&quot;}\" data-widget_type=\"video.default\">\n\t\t\t\t<div class=\"elementor-widget-container\">\n\t\t\t\t\t\t\t<div class=\"e-hosted-video elementor-wrapper elementor-open-inline\">\n\t\t\t\t\t<video class=\"elementor-video\" src=\"https:\/\/consultoriatarget.com.br\/wp-content\/uploads\/2024\/07\/Target-bg1.mp4\" autoplay=\"\" controls=\"\" muted=\"muted\" controlsList=\"nodownload\"><\/video>\n\t\t\t\t<\/div>\n\t\t\t\t\t\t<\/div>\n\t\t\t\t<\/div>\n\t\t\t\t\t<\/div>\n\t\t<\/div>\n\t\t\t\t\t<\/div>\n\t\t<\/section>\n\t\t\t\t<section class=\"elementor-section elementor-top-section elementor-element elementor-element-d4aec6f elementor-section-full_width elementor-section-height-min-height elementor-section-content-middle elementor-section-height-default elementor-section-items-middle\" data-id=\"d4aec6f\" data-element_type=\"section\" data-settings=\"{&quot;jet_parallax_layout_list&quot;:[]}\">\n\t\t\t\t\t\t<div class=\"elementor-container elementor-column-gap-default\">\n\t\t\t\t\t<div class=\"elementor-column elementor-col-50 elementor-top-column elementor-element elementor-element-7f0c7e0\" data-id=\"7f0c7e0\" data-element_type=\"column\" data-settings=\"{&quot;background_background&quot;:&quot;classic&quot;}\">\n\t\t\t<div class=\"elementor-widget-wrap elementor-element-populated\">\n\t\t\t\t\t\t<div class=\"elementor-element elementor-element-072b455 elementor-widget elementor-widget-spacer\" data-id=\"072b455\" data-element_type=\"widget\" data-widget_type=\"spacer.default\">\n\t\t\t\t<div class=\"elementor-widget-container\">\n\t\t\t\t\t\t\t<div class=\"elementor-spacer\">\n\t\t\t<div class=\"elementor-spacer-inner\"><\/div>\n\t\t<\/div>\n\t\t\t\t\t\t<\/div>\n\t\t\t\t<\/div>\n\t\t\t\t\t<\/div>\n\t\t<\/div>\n\t\t\t\t<div class=\"elementor-column elementor-col-50 elementor-top-column elementor-element elementor-element-cc5abd6\" data-id=\"cc5abd6\" data-element_type=\"column\">\n\t\t\t<div class=\"elementor-widget-wrap\">\n\t\t\t\t\t\t\t<\/div>\n\t\t<\/div>\n\t\t\t\t\t<\/div>\n\t\t<\/section>\n\t\t\t\t<\/div>\n\t\t","protected":false},"excerpt":{"rendered":"<p>SOLU\u00c7\u00d5ES Constru\u00edmos resultado por meio de:&nbsp; Aconselhamento, Assessments (MBTI, Facet5, Style Matters), Coaching e Mentoria Por meio de asser\u00e7\u00f5es como MBTI, Facet5 e Style Matters, conduzimos sess\u00f5es de Coaching e Mentoria para potencializar o desempenho individual e coletivo. An\u00e1lise e Modelagem de Processos: Identificamos oportunidades de melhoria nos processos internos nas \u00e1reas de RH, Governan\u00e7a [&hellip;]<\/p>\n","protected":false},"author":3,"featured_media":0,"parent":0,"menu_order":0,"comment_status":"closed","ping_status":"closed","template":"elementor_header_footer","meta":{"om_disable_all_campaigns":false,"_monsterinsights_skip_tracking":false,"_monsterinsights_sitenote_active":false,"_monsterinsights_sitenote_note":"","_monsterinsights_sitenote_category":0,"footnotes":""},"class_list":["post-763","page","type-page","status-publish","hentry"],"aioseo_notices":[],"_links":{"self":[{"href":"https:\/\/consultoriatarget.com.br\/index.php\/wp-json\/wp\/v2\/pages\/763","targetHints":{"allow":["GET"]}}],"collection":[{"href":"https:\/\/consultoriatarget.com.br\/index.php\/wp-json\/wp\/v2\/pages"}],"about":[{"href":"https:\/\/consultoriatarget.com.br\/index.php\/wp-json\/wp\/v2\/types\/page"}],"author":[{"embeddable":true,"href":"https:\/\/consultoriatarget.com.br\/index.php\/wp-json\/wp\/v2\/users\/3"}],"replies":[{"embeddable":true,"href":"https:\/\/consultoriatarget.com.br\/index.php\/wp-json\/wp\/v2\/comments?post=763"}],"version-history":[{"count":77,"href":"https:\/\/consultoriatarget.com.br\/index.php\/wp-json\/wp\/v2\/pages\/763\/revisions"}],"predecessor-version":[{"id":2861,"href":"https:\/\/consultoriatarget.com.br\/index.php\/wp-json\/wp\/v2\/pages\/763\/revisions\/2861"}],"wp:attachment":[{"href":"https:\/\/consultoriatarget.com.br\/index.php\/wp-json\/wp\/v2\/media?parent=763"}],"curies":[{"name":"wp","href":"https:\/\/api.w.org\/{rel}","templated":true}]}}